{"id":16175,"date":"2023-06-29T14:29:49","date_gmt":"2023-06-29T12:29:49","guid":{"rendered":"https:\/\/inmood.prodecopharma.com\/blog\/"},"modified":"2025-07-30T13:23:16","modified_gmt":"2025-07-30T11:23:16","slug":"blog","status":"publish","type":"page","link":"https:\/\/inmood.prodecopharma.com\/es\/blog\/","title":{"rendered":"Blog"},"content":{"rendered":"\t\t<div data-elementor-type=\"wp-page\" data-elementor-id=\"16175\" class=\"elementor elementor-16175 elementor-1394\" data-elementor-post-type=\"page\">\n\t\t\t\t\t\t<section class=\"elementor-section elementor-top-section elementor-element elementor-element-752aa4a elementor-section-full_width elementor-section-height-default elementor-section-height-default\" data-id=\"752aa4a\" data-element_type=\"section\" data-e-type=\"section\">\n\t\t\t\t\t\t<div class=\"elementor-container elementor-column-gap-default\">\n\t\t\t\t\t<div class=\"elementor-column elementor-col-100 elementor-top-column elementor-element elementor-element-9f69728\" data-id=\"9f69728\" data-element_type=\"column\" data-e-type=\"column\">\n\t\t\t<div class=\"elementor-widget-wrap elementor-element-populated\">\n\t\t\t\t\t\t<div class=\"elementor-element elementor-element-f0ca6f3 elementor-widget elementor-widget-heading\" data-id=\"f0ca6f3\" data-element_type=\"widget\" data-e-type=\"widget\" data-widget_type=\"heading.default\">\n\t\t\t\t<div class=\"elementor-widget-container\">\n\t\t\t\t\t<h1 class=\"elementor-heading-title elementor-size-default\">Blog inMood<\/h1>\t\t\t\t<\/div>\n\t\t\t\t<\/div>\n\t\t\t\t<div class=\"elementor-element elementor-element-7fdb921 elementor-widget elementor-widget-heading\" data-id=\"7fdb921\" data-element_type=\"widget\" data-e-type=\"widget\" data-widget_type=\"heading.default\">\n\t\t\t\t<div class=\"elementor-widget-container\">\n\t\t\t\t\t<h4 class=\"elementor-heading-title elementor-size-default\">Art\u00edculos para el bienestar mental<\/h4>\t\t\t\t<\/div>\n\t\t\t\t<\/div>\n\t\t\t\t<div class=\"elementor-element elementor-element-95777e3 elementor-widget elementor-widget-text-editor\" data-id=\"95777e3\" data-element_type=\"widget\" data-e-type=\"widget\" data-widget_type=\"text-editor.default\">\n\t\t\t\t<div class=\"elementor-widget-container\">\n\t\t\t\t\t\t\t\t\t<p>Aqu\u00ed encontrar\u00e1s <strong>art\u00edculos de blog escritos por psic\u00f3logos, psicoterapeutas<\/strong> y <strong>profesionales de la salud<\/strong> que tratan sobre la ansiedad, el estr\u00e9s y los trastornos del sue\u00f1o.<br \/><br \/>Elige el tema que m\u00e1s te interese y lee los art\u00edculos en profundidad.<\/p>\t\t\t\t\t\t\t\t<\/div>\n\t\t\t\t<\/div>\n\t\t\t\t\t<\/div>\n\t\t<\/div>\n\t\t\t\t\t<\/div>\n\t\t<\/section>\n\t\t\t\t<section class=\"elementor-section elementor-top-section elementor-element elementor-element-8511b6f elementor-section-full_width elementor-section-content-middle elementor-section-height-default elementor-section-height-default\" data-id=\"8511b6f\" data-element_type=\"section\" data-e-type=\"section\">\n\t\t\t\t\t\t<div class=\"elementor-container elementor-column-gap-default\">\n\t\t\t\t\t<div class=\"elementor-column elementor-col-100 elementor-top-column elementor-element elementor-element-e7317b6\" data-id=\"e7317b6\" data-element_type=\"column\" data-e-type=\"column\">\n\t\t\t<div class=\"elementor-widget-wrap elementor-element-populated\">\n\t\t\t\t\t\t<div class=\"elementor-element elementor-element-f1806fe elementor-widget elementor-widget-shortcode\" data-id=\"f1806fe\" data-element_type=\"widget\" data-e-type=\"widget\" data-widget_type=\"shortcode.default\">\n\t\t\t\t<div class=\"elementor-widget-container\">\n\t\t\t\t\t\t\t<div class=\"elementor-shortcode\"><form autocomplete=\"off\" name=\"wpv-filter-1400\" action=\"\/es\/wp-json\/wp\/v2\/pages\/16175?wpv_view_count=1400\" method=\"get\" class=\"wpv-filter-form js-wpv-filter-form js-wpv-filter-form-1400 js-wpv-form-full js-wpv-ajax-results-enabled\" data-viewnumber=\"1400\" data-viewid=\"1400\" data-viewhash=\"eyJuYW1lIjoiQmxvZyJ9\" data-viewwidgetid=\"0\" data-orderby=\"\" data-order=\"\" data-orderbyas=\"\" data-orderbysecond=\"\" data-ordersecond=\"\" data-parametric=\"{&quot;query&quot;:&quot;normal&quot;,&quot;id&quot;:1400,&quot;view_id&quot;:1400,&quot;widget_id&quot;:0,&quot;view_hash&quot;:&quot;1400&quot;,&quot;action&quot;:&quot;\\\/es\\\/wp-json\\\/wp\\\/v2\\\/pages\\\/16175?wpv_view_count=1400&quot;,&quot;sort&quot;:{&quot;orderby&quot;:&quot;&quot;,&quot;order&quot;:&quot;&quot;,&quot;orderby_as&quot;:&quot;&quot;,&quot;orderby_second&quot;:&quot;&quot;,&quot;order_second&quot;:&quot;&quot;},&quot;orderby&quot;:&quot;&quot;,&quot;order&quot;:&quot;&quot;,&quot;orderby_as&quot;:&quot;&quot;,&quot;orderby_second&quot;:&quot;&quot;,&quot;order_second&quot;:&quot;&quot;,&quot;ajax_form&quot;:&quot;&quot;,&quot;ajax_results&quot;:&quot;&quot;,&quot;effect&quot;:&quot;fade&quot;,&quot;prebefore&quot;:&quot;&quot;,&quot;before&quot;:&quot;&quot;,&quot;after&quot;:&quot;&quot;,&quot;attributes&quot;:[],&quot;environment&quot;:{&quot;current_post_id&quot;:16175,&quot;parent_post_id&quot;:16175,&quot;parent_term_id&quot;:0,&quot;parent_user_id&quot;:0,&quot;archive&quot;:{&quot;type&quot;:&quot;&quot;,&quot;name&quot;:&quot;&quot;,&quot;data&quot;:[]}},&quot;loop&quot;:{&quot;type&quot;:&quot;&quot;,&quot;name&quot;:&quot;&quot;,&quot;data&quot;:[],&quot;id&quot;:0}}\" data-attributes=\"[]\" data-environment=\"{&quot;current_post_id&quot;:16175,&quot;parent_post_id&quot;:16175,&quot;parent_term_id&quot;:0,&quot;parent_user_id&quot;:0,&quot;archive&quot;:{&quot;type&quot;:&quot;&quot;,&quot;name&quot;:&quot;&quot;,&quot;data&quot;:[]}}\"><input type=\"hidden\" class=\"js-wpv-dps-filter-data js-wpv-filter-data-for-this-form\" data-action=\"\/es\/wp-json\/wp\/v2\/pages\/16175?wpv_view_count=1400\" data-page=\"1\" data-ajax=\"enable\" data-effect=\"fade\" data-maxpages=\"1\" data-ajaxprebefore=\"\" data-ajaxbefore=\"\" data-ajaxafter=\"\" \/><input class=\"wpv_view_count wpv_view_count-1400\" type=\"hidden\" name=\"wpv_view_count\" value=\"1400\" \/>\n\n<\/form>\n<div id=\"wpv-view-layout-1400\" class=\"js-wpv-view-layout js-wpv-layout-responsive js-wpv-view-layout-1400\" data-viewnumber=\"1400\" data-pagination=\"{&quot;id&quot;:1400,&quot;query&quot;:&quot;normal&quot;,&quot;type&quot;:&quot;paged&quot;,&quot;effect&quot;:&quot;fade&quot;,&quot;duration&quot;:500,&quot;speed&quot;:5,&quot;pause_on_hover&quot;:&quot;enabled&quot;,&quot;stop_rollover&quot;:&quot;false&quot;,&quot;cache_pages&quot;:&quot;enabled&quot;,&quot;preload_images&quot;:&quot;enabled&quot;,&quot;preload_pages&quot;:&quot;enabled&quot;,&quot;preload_reach&quot;:1,&quot;spinner&quot;:&quot;builtin&quot;,&quot;spinner_image&quot;:&quot;&quot;,&quot;callback_next&quot;:&quot;&quot;,&quot;manage_history&quot;:&quot;enabled&quot;,&quot;has_controls_in_form&quot;:&quot;disabled&quot;,&quot;infinite_tolerance&quot;:0,&quot;max_pages&quot;:1,&quot;page&quot;:1,&quot;base_permalink&quot;:&quot;\/es\/wp-json\/wp\/v2\/pages\/16175?wpv_view_count=1400&amp;wpv_paged=WPV_PAGE_NUM&quot;,&quot;loop&quot;:{&quot;type&quot;:&quot;&quot;,&quot;name&quot;:&quot;&quot;,&quot;data&quot;:[],&quot;id&quot;:0}}\" data-permalink=\"\/es\/wp-json\/wp\/v2\/pages\/16175?wpv_view_count=1400\">\n\n\t\n\t\n\t<table width=\"100%\" class=\"wpv-loop js-wpv-loop\">\n\t\n\t\t\n\t\t<tr>\n\t\t\t<td>\n             <div class=\"card-cont\"> \n               <a href=\"https:\/\/inmood.prodecopharma.com\/es\/estres\/como-envejecer-bien-consejos-antiedad-para-la-mente\/\">\n              <div class=\"blog-container\" style='background-image:url(https:\/\/inmood.prodecopharma.com\/wp-content\/uploads\/2024\/10\/anziano-pensieroso-vuoto-memoria.jpg);'>\n               <div class=\"article-image\"><\/div>\n                <div class=\"text-article-container\"> <h4>C\u00f3mo envejecer bien: consejos antiedad para la mente<\/h4> \n                 \n              <p>Leggi l'articolo<\/p>\n                  \n                <\/div>   \n              <\/div>\n               <\/a>\n              <\/div>\n\t\t\t<\/td>\n\t\t\n\t\t\n\t\t\t<td>\n             <div class=\"card-cont\"> \n               <a href=\"https:\/\/inmood.prodecopharma.com\/es\/ansiedad\/psicologia-holistica-la-vision-de-la-medicina-integrada\/\">\n              <div class=\"blog-container\" style='background-image:url(https:\/\/inmood.prodecopharma.com\/wp-content\/uploads\/2023\/10\/psicologia-olistica-1.jpg);'>\n               <div class=\"article-image\"><\/div>\n                <div class=\"text-article-container\"> <h4>Psicolog\u00eda hol\u00edstica: la visi\u00f3n de la medicina integrada<\/h4> \n                 \n              <p>Leggi l'articolo<\/p>\n                  \n                <\/div>   \n              <\/div>\n               <\/a>\n              <\/div>\n\t\t\t<\/td>\n\t\t\n\t\t\n\t\t\t<td>\n             <div class=\"card-cont\"> \n               <a href=\"https:\/\/inmood.prodecopharma.com\/es\/ansiedad\/el-mindfulness-como-herramienta-de-relajacion\/\">\n              <div class=\"blog-container\" style='background-image:url(https:\/\/inmood.prodecopharma.com\/wp-content\/uploads\/2023\/08\/mindfulness-strumento-rilassamento.jpg);'>\n               <div class=\"article-image\"><\/div>\n                <div class=\"text-article-container\"> <h4>El mindfulness como herramienta de relajaci\u00f3n<\/h4> \n                 \n              <p>Leggi l'articolo<\/p>\n                  \n                <\/div>   \n              <\/div>\n               <\/a>\n              <\/div>\n\t\t\t<\/td>\n\t\t<\/tr>\n\t\t\n\t\t\n\t\t<tr>\n\t\t\t<td>\n             <div class=\"card-cont\"> \n               <a href=\"https:\/\/inmood.prodecopharma.com\/es\/insomnio\/mejora-de-la-calidad-del-sueno-mecanismo-de-regeneracion\/\">\n              <div class=\"blog-container\" style='background-image:url(https:\/\/inmood.prodecopharma.com\/wp-content\/uploads\/2023\/07\/cosa-succede-quando-dormiamo.jpg);'>\n               <div class=\"article-image\"><\/div>\n                <div class=\"text-article-container\"> <h4>Mejora de la calidad del sue\u00f1o, mecanismo de regeneraci\u00f3n<\/h4> \n                 \n              <p>Leggi l'articolo<\/p>\n                  \n                <\/div>   \n              <\/div>\n               <\/a>\n              <\/div>\n\t\t\t<\/td>\n\t\t\n\t\t\t<td><\/td>\n\t\t\n\t\t\t<td><\/td>\n\t\t<\/tr>\n\t\n\t<\/table>\n\t\n\t\n\t\n\n<\/div>\n\n<\/div>\n\t\t\t\t\t\t<\/div>\n\t\t\t\t<\/div>\n\t\t\t\t\t<\/div>\n\t\t<\/div>\n\t\t\t\t\t<\/div>\n\t\t<\/section>\n\t\t\t\t<\/div>\n\t\t","protected":false},"excerpt":{"rendered":"<p>Blog inMood Art\u00edculos para el bienestar mental Aqu\u00ed encontrar\u00e1s art\u00edculos de blog escritos por psic\u00f3logos, psicoterapeutas y profesionales de la salud que tratan sobre la ansiedad, el estr\u00e9s y los trastornos del sue\u00f1o. Elige el tema que m\u00e1s te interese y lee los art\u00edculos en profundidad.<\/p>\n","protected":false},"author":3,"featured_media":0,"parent":0,"menu_order":0,"comment_status":"closed","ping_status":"closed","template":"elementor_header_footer","meta":{"footnotes":""},"class_list":["post-16175","page","type-page","status-publish","hentry"],"yoast_head":"<!-- This site is optimized with the Yoast SEO plugin v27.3 - https:\/\/yoast.com\/product\/yoast-seo-wordpress\/ -->\n<title>inMood | Blog de Prodeco Pharma<\/title>\n<meta name=\"description\" content=\"En el blog de inMood encontrar\u00e1s art\u00edculos de psic\u00f3logos, psicoterapeutas y profesionales de la salud que tratan sobre la ansiedad, el estr\u00e9s y los trastornos del sue\u00f1o\" \/>\n<meta name=\"robots\" content=\"index, follow, max-snippet:-1, max-image-preview:large, max-video-preview:-1\" \/>\n<link rel=\"canonical\" href=\"https:\/\/inmood.prodecopharma.com\/es\/blog\/\" \/>\n<meta property=\"og:locale\" content=\"es_ES\" \/>\n<meta property=\"og:type\" content=\"article\" \/>\n<meta property=\"og:title\" content=\"inMood | Blog de Prodeco Pharma\" \/>\n<meta property=\"og:description\" content=\"En el blog de inMood encontrar\u00e1s art\u00edculos de psic\u00f3logos, psicoterapeutas y profesionales de la salud que tratan sobre la ansiedad, el estr\u00e9s y los trastornos del sue\u00f1o\" \/>\n<meta property=\"og:url\" content=\"https:\/\/inmood.prodecopharma.com\/es\/blog\/\" \/>\n<meta property=\"og:site_name\" content=\"inMood\" \/>\n<meta property=\"article:modified_time\" content=\"2025-07-30T11:23:16+00:00\" \/>\n<meta name=\"twitter:card\" content=\"summary_large_image\" \/>\n<meta name=\"twitter:label1\" content=\"Tiempo de lectura\" \/>\n\t<meta name=\"twitter:data1\" content=\"1 minuto\" \/>\n<script type=\"application\/ld+json\" class=\"yoast-schema-graph\">{\"@context\":\"https:\\\/\\\/schema.org\",\"@graph\":[{\"@type\":\"WebPage\",\"@id\":\"https:\\\/\\\/inmood.prodecopharma.com\\\/es\\\/blog\\\/\",\"url\":\"https:\\\/\\\/inmood.prodecopharma.com\\\/es\\\/blog\\\/\",\"name\":\"inMood | Blog de Prodeco Pharma\",\"isPartOf\":{\"@id\":\"https:\\\/\\\/inmood.prodecopharma.com\\\/#website\"},\"datePublished\":\"2023-06-29T12:29:49+00:00\",\"dateModified\":\"2025-07-30T11:23:16+00:00\",\"description\":\"En el blog de inMood encontrar\u00e1s art\u00edculos de psic\u00f3logos, psicoterapeutas y profesionales de la salud que tratan sobre la ansiedad, el estr\u00e9s y los trastornos del sue\u00f1o\",\"breadcrumb\":{\"@id\":\"https:\\\/\\\/inmood.prodecopharma.com\\\/es\\\/blog\\\/#breadcrumb\"},\"inLanguage\":\"es\",\"potentialAction\":[{\"@type\":\"ReadAction\",\"target\":[\"https:\\\/\\\/inmood.prodecopharma.com\\\/es\\\/blog\\\/\"]}]},{\"@type\":\"BreadcrumbList\",\"@id\":\"https:\\\/\\\/inmood.prodecopharma.com\\\/es\\\/blog\\\/#breadcrumb\",\"itemListElement\":[{\"@type\":\"ListItem\",\"position\":1,\"name\":\"Home\",\"item\":\"https:\\\/\\\/inmood.prodecopharma.com\\\/es\\\/\"},{\"@type\":\"ListItem\",\"position\":2,\"name\":\"Blog\"}]},{\"@type\":\"WebSite\",\"@id\":\"https:\\\/\\\/inmood.prodecopharma.com\\\/#website\",\"url\":\"https:\\\/\\\/inmood.prodecopharma.com\\\/\",\"name\":\"inMood\",\"description\":\"\",\"publisher\":{\"@id\":\"https:\\\/\\\/inmood.prodecopharma.com\\\/#organization\"},\"potentialAction\":[{\"@type\":\"SearchAction\",\"target\":{\"@type\":\"EntryPoint\",\"urlTemplate\":\"https:\\\/\\\/inmood.prodecopharma.com\\\/?s={search_term_string}\"},\"query-input\":{\"@type\":\"PropertyValueSpecification\",\"valueRequired\":true,\"valueName\":\"search_term_string\"}}],\"inLanguage\":\"es\"},{\"@type\":\"Organization\",\"@id\":\"https:\\\/\\\/inmood.prodecopharma.com\\\/#organization\",\"name\":\"inMood\",\"url\":\"https:\\\/\\\/inmood.prodecopharma.com\\\/\",\"logo\":{\"@type\":\"ImageObject\",\"inLanguage\":\"es\",\"@id\":\"https:\\\/\\\/inmood.prodecopharma.com\\\/#\\\/schema\\\/logo\\\/image\\\/\",\"url\":\"https:\\\/\\\/inmood.prodecopharma.com\\\/wp-content\\\/uploads\\\/2023\\\/06\\\/Logo_inMood-negativo.webp\",\"contentUrl\":\"https:\\\/\\\/inmood.prodecopharma.com\\\/wp-content\\\/uploads\\\/2023\\\/06\\\/Logo_inMood-negativo.webp\",\"width\":842,\"height\":595,\"caption\":\"inMood\"},\"image\":{\"@id\":\"https:\\\/\\\/inmood.prodecopharma.com\\\/#\\\/schema\\\/logo\\\/image\\\/\"}}]}<\/script>\n<!-- \/ Yoast SEO plugin. -->","yoast_head_json":{"title":"inMood | Blog de Prodeco Pharma","description":"En el blog de inMood encontrar\u00e1s art\u00edculos de psic\u00f3logos, psicoterapeutas y profesionales de la salud que tratan sobre la ansiedad, el estr\u00e9s y los trastornos del sue\u00f1o","robots":{"index":"index","follow":"follow","max-snippet":"max-snippet:-1","max-image-preview":"max-image-preview:large","max-video-preview":"max-video-preview:-1"},"canonical":"https:\/\/inmood.prodecopharma.com\/es\/blog\/","og_locale":"es_ES","og_type":"article","og_title":"inMood | Blog de Prodeco Pharma","og_description":"En el blog de inMood encontrar\u00e1s art\u00edculos de psic\u00f3logos, psicoterapeutas y profesionales de la salud que tratan sobre la ansiedad, el estr\u00e9s y los trastornos del sue\u00f1o","og_url":"https:\/\/inmood.prodecopharma.com\/es\/blog\/","og_site_name":"inMood","article_modified_time":"2025-07-30T11:23:16+00:00","twitter_card":"summary_large_image","twitter_misc":{"Tiempo de lectura":"1 minuto"},"schema":{"@context":"https:\/\/schema.org","@graph":[{"@type":"WebPage","@id":"https:\/\/inmood.prodecopharma.com\/es\/blog\/","url":"https:\/\/inmood.prodecopharma.com\/es\/blog\/","name":"inMood | Blog de Prodeco Pharma","isPartOf":{"@id":"https:\/\/inmood.prodecopharma.com\/#website"},"datePublished":"2023-06-29T12:29:49+00:00","dateModified":"2025-07-30T11:23:16+00:00","description":"En el blog de inMood encontrar\u00e1s art\u00edculos de psic\u00f3logos, psicoterapeutas y profesionales de la salud que tratan sobre la ansiedad, el estr\u00e9s y los trastornos del sue\u00f1o","breadcrumb":{"@id":"https:\/\/inmood.prodecopharma.com\/es\/blog\/#breadcrumb"},"inLanguage":"es","potentialAction":[{"@type":"ReadAction","target":["https:\/\/inmood.prodecopharma.com\/es\/blog\/"]}]},{"@type":"BreadcrumbList","@id":"https:\/\/inmood.prodecopharma.com\/es\/blog\/#breadcrumb","itemListElement":[{"@type":"ListItem","position":1,"name":"Home","item":"https:\/\/inmood.prodecopharma.com\/es\/"},{"@type":"ListItem","position":2,"name":"Blog"}]},{"@type":"WebSite","@id":"https:\/\/inmood.prodecopharma.com\/#website","url":"https:\/\/inmood.prodecopharma.com\/","name":"inMood","description":"","publisher":{"@id":"https:\/\/inmood.prodecopharma.com\/#organization"},"potentialAction":[{"@type":"SearchAction","target":{"@type":"EntryPoint","urlTemplate":"https:\/\/inmood.prodecopharma.com\/?s={search_term_string}"},"query-input":{"@type":"PropertyValueSpecification","valueRequired":true,"valueName":"search_term_string"}}],"inLanguage":"es"},{"@type":"Organization","@id":"https:\/\/inmood.prodecopharma.com\/#organization","name":"inMood","url":"https:\/\/inmood.prodecopharma.com\/","logo":{"@type":"ImageObject","inLanguage":"es","@id":"https:\/\/inmood.prodecopharma.com\/#\/schema\/logo\/image\/","url":"https:\/\/inmood.prodecopharma.com\/wp-content\/uploads\/2023\/06\/Logo_inMood-negativo.webp","contentUrl":"https:\/\/inmood.prodecopharma.com\/wp-content\/uploads\/2023\/06\/Logo_inMood-negativo.webp","width":842,"height":595,"caption":"inMood"},"image":{"@id":"https:\/\/inmood.prodecopharma.com\/#\/schema\/logo\/image\/"}}]}},"_links":{"self":[{"href":"https:\/\/inmood.prodecopharma.com\/es\/wp-json\/wp\/v2\/pages\/16175","targetHints":{"allow":["GET"]}}],"collection":[{"href":"https:\/\/inmood.prodecopharma.com\/es\/wp-json\/wp\/v2\/pages"}],"about":[{"href":"https:\/\/inmood.prodecopharma.com\/es\/wp-json\/wp\/v2\/types\/page"}],"author":[{"embeddable":true,"href":"https:\/\/inmood.prodecopharma.com\/es\/wp-json\/wp\/v2\/users\/3"}],"replies":[{"embeddable":true,"href":"https:\/\/inmood.prodecopharma.com\/es\/wp-json\/wp\/v2\/comments?post=16175"}],"version-history":[{"count":0,"href":"https:\/\/inmood.prodecopharma.com\/es\/wp-json\/wp\/v2\/pages\/16175\/revisions"}],"wp:attachment":[{"href":"https:\/\/inmood.prodecopharma.com\/es\/wp-json\/wp\/v2\/media?parent=16175"}],"curies":[{"name":"wp","href":"https:\/\/api.w.org\/{rel}","templated":true}]}}